{"id":20,"date":"2025-04-13T16:00:35","date_gmt":"2025-04-13T16:00:35","guid":{"rendered":"https:\/\/genevawindows.com\/?page_id=20"},"modified":"2025-07-24T11:57:07","modified_gmt":"2025-07-24T11:57:07","slug":"productos","status":"publish","type":"page","link":"https:\/\/genevawindows.com\/en\/productos\/","title":{"rendered":"Products"},"content":{"rendered":"<div data-elementor-type=\"wp-page\" data-elementor-id=\"20\" class=\"elementor elementor-20\" data-elementor-post-type=\"page\">\n\t\t\t\t<div class=\"elementor-element elementor-element-10b66c4 e-con-full e-flex e-con e-parent\" data-id=\"10b66c4\" data-element_type=\"container\" data-e-type=\"container\" data-settings=\"{&quot;background_background&quot;:&quot;classic&quot;}\">\n\t\t<div class=\"elementor-element elementor-element-e224e3c gallery e-flex e-con-boxed e-con e-child\" data-id=\"e224e3c\" data-element_type=\"container\" data-e-type=\"container\" data-settings=\"{&quot;background_background&quot;:&quot;classic&quot;}\">\n\t\t\t\t\t<div class=\"e-con-inner\">\n\t\t<div class=\"elementor-element elementor-element-d99734c e-con-full left e-flex e-con e-child\" data-id=\"d99734c\" data-element_type=\"container\" data-e-type=\"container\">\n\t\t<div class=\"elementor-element elementor-element-80b0dca e-con-full desktopContent e-flex e-con e-child\" data-id=\"80b0dca\" data-element_type=\"container\" data-e-type=\"container\">\n\t\t<div class=\"elementor-element elementor-element-9733f4f e-con-full desktopContentSection e-flex e-con e-child\" data-id=\"9733f4f\" data-element_type=\"container\" data-e-type=\"container\">\n\t\t\t\t<div class=\"elementor-element elementor-element-3118a82 reveal elementor-widget elementor-widget-heading\" data-id=\"3118a82\" data-element_type=\"widget\" data-e-type=\"widget\" data-widget_type=\"heading.default\">\n\t\t\t\t<div class=\"elementor-widget-container\">\n\t\t\t\t\t<h2 class=\"elementor-heading-title elementor-size-default\">PVC Negro <\/h2>\t\t\t\t<\/div>\n\t\t\t\t<\/div>\n\t\t\t\t<div class=\"elementor-element elementor-element-1be46ef elementor-widget elementor-widget-text-editor\" data-id=\"1be46ef\" data-element_type=\"widget\" data-e-type=\"widget\" data-widget_type=\"text-editor.default\">\n\t\t\t\t<div class=\"elementor-widget-container\">\n\t\t\t\t\t\t\t\t\t<p><strong data-start=\"283\" data-end=\"320\">Elegancia atemporal y luminosidad<\/strong><br data-start=\"320\" data-end=\"323\" \/>El acabado en PVC blanco es la opci\u00f3n m\u00e1s cl\u00e1sica y vers\u00e1til. Aporta una est\u00e9tica limpia, moderna y luminosa que combina f\u00e1cilmente con todo tipo de fachadas y estilos de decoraci\u00f3n.<\/p>\t\t\t\t\t\t\t\t<\/div>\n\t\t\t\t<\/div>\n\t\t\t\t<div class=\"elementor-element elementor-element-bcc296e elementor-widget elementor-widget-button\" data-id=\"bcc296e\" data-element_type=\"widget\" data-e-type=\"widget\" data-widget_type=\"button.default\">\n\t\t\t\t<div class=\"elementor-widget-container\">\n\t\t\t\t\t\t\t\t\t<div class=\"elementor-button-wrapper\">\n\t\t\t\t\t<a class=\"elementor-button elementor-button-link elementor-size-sm\" href=\"\">\n\t\t\t\t\t\t<span class=\"elementor-button-content-wrapper\">\n\t\t\t\t\t\t\t\t\t<span class=\"elementor-button-text\">More info.<\/span>\n\t\t\t\t\t<\/span>\n\t\t\t\t\t<\/a>\n\t\t\t\t<\/div>\n\t\t\t\t\t\t\t\t<\/div>\n\t\t\t\t<\/div>\n\t\t\t\t<\/div>\n\t\t<div class=\"elementor-element elementor-element-9315c31 e-con-full desktopContentSection e-flex e-con e-child\" data-id=\"9315c31\" data-element_type=\"container\" data-e-type=\"container\">\n\t\t\t\t<div class=\"elementor-element elementor-element-2ffd446 reveal elementor-widget elementor-widget-heading\" data-id=\"2ffd446\" data-element_type=\"widget\" data-e-type=\"widget\" data-widget_type=\"heading.default\">\n\t\t\t\t<div class=\"elementor-widget-container\">\n\t\t\t\t\t<h2 class=\"elementor-heading-title elementor-size-default\">PVC Blanco <\/h2>\t\t\t\t<\/div>\n\t\t\t\t<\/div>\n\t\t\t\t<div class=\"elementor-element elementor-element-30826e3 elementor-widget elementor-widget-text-editor\" data-id=\"30826e3\" data-element_type=\"widget\" data-e-type=\"widget\" data-widget_type=\"text-editor.default\">\n\t\t\t\t<div class=\"elementor-widget-container\">\n\t\t\t\t\t\t\t\t\t<p><strong data-start=\"283\" data-end=\"320\">Elegancia atemporal y luminosidad<\/strong><br data-start=\"320\" data-end=\"323\" \/>El acabado en PVC blanco es la opci\u00f3n m\u00e1s cl\u00e1sica y vers\u00e1til. Aporta una est\u00e9tica limpia, moderna y luminosa que combina f\u00e1cilmente con todo tipo de fachadas y estilos de decoraci\u00f3n.<\/p>\t\t\t\t\t\t\t\t<\/div>\n\t\t\t\t<\/div>\n\t\t\t\t<div class=\"elementor-element elementor-element-010fd43 elementor-widget elementor-widget-button\" data-id=\"010fd43\" data-element_type=\"widget\" data-e-type=\"widget\" data-widget_type=\"button.default\">\n\t\t\t\t<div class=\"elementor-widget-container\">\n\t\t\t\t\t\t\t\t\t<div class=\"elementor-button-wrapper\">\n\t\t\t\t\t<a class=\"elementor-button elementor-button-link elementor-size-sm\" href=\"#\">\n\t\t\t\t\t\t<span class=\"elementor-button-content-wrapper\">\n\t\t\t\t\t\t\t\t\t<span class=\"elementor-button-text\">More info. <\/span>\n\t\t\t\t\t<\/span>\n\t\t\t\t\t<\/a>\n\t\t\t\t<\/div>\n\t\t\t\t\t\t\t\t<\/div>\n\t\t\t\t<\/div>\n\t\t\t\t<\/div>\n\t\t<div class=\"elementor-element elementor-element-01f83e0 e-con-full desktopContentSection e-flex e-con e-child\" data-id=\"01f83e0\" data-element_type=\"container\" data-e-type=\"container\">\n\t\t\t\t<div class=\"elementor-element elementor-element-942f2a2 reveal elementor-widget elementor-widget-heading\" data-id=\"942f2a2\" data-element_type=\"widget\" data-e-type=\"widget\" data-widget_type=\"heading.default\">\n\t\t\t\t<div class=\"elementor-widget-container\">\n\t\t\t\t\t<h2 class=\"elementor-heading-title elementor-size-default\"> PVC Madera<\/h2>\t\t\t\t<\/div>\n\t\t\t\t<\/div>\n\t\t\t\t<div class=\"elementor-element elementor-element-8b0a674 elementor-widget elementor-widget-text-editor\" data-id=\"8b0a674\" data-element_type=\"widget\" data-e-type=\"widget\" data-widget_type=\"text-editor.default\">\n\t\t\t\t<div class=\"elementor-widget-container\">\n\t\t\t\t\t\t\t\t\t<p><strong data-start=\"536\" data-end=\"576\">Calidez natural y estilo tradicional<\/strong><br data-start=\"576\" data-end=\"579\" \/>El PVC marr\u00f3n, con acabado tipo madera, es ideal para quienes buscan un toque c\u00e1lido y acogedor. Ofrece la est\u00e9tica de la madera natural con la durabilidad y el bajo mantenimiento del PVC.<\/p>\t\t\t\t\t\t\t\t<\/div>\n\t\t\t\t<\/div>\n\t\t\t\t<div class=\"elementor-element elementor-element-02ac511 elementor-widget elementor-widget-button\" data-id=\"02ac511\" data-element_type=\"widget\" data-e-type=\"widget\" data-widget_type=\"button.default\">\n\t\t\t\t<div class=\"elementor-widget-container\">\n\t\t\t\t\t\t\t\t\t<div class=\"elementor-button-wrapper\">\n\t\t\t\t\t<a class=\"elementor-button elementor-button-link elementor-size-sm\" href=\"#\">\n\t\t\t\t\t\t<span class=\"elementor-button-content-wrapper\">\n\t\t\t\t\t\t\t\t\t<span class=\"elementor-button-text\">More info.<\/span>\n\t\t\t\t\t<\/span>\n\t\t\t\t\t<\/a>\n\t\t\t\t<\/div>\n\t\t\t\t\t\t\t\t<\/div>\n\t\t\t\t<\/div>\n\t\t\t\t<\/div>\n\t\t\t\t<\/div>\n\t\t\t\t<\/div>\n\t\t<div class=\"elementor-element elementor-element-4e60788 e-con-full left e-flex e-con e-child\" data-id=\"4e60788\" data-element_type=\"container\" data-e-type=\"container\">\n\t\t<div class=\"elementor-element elementor-element-28d2c5f e-flex e-con-boxed e-con e-child\" data-id=\"28d2c5f\" data-element_type=\"container\" data-e-type=\"container\" data-settings=\"{&quot;sticky&quot;:&quot;top&quot;,&quot;sticky_parent&quot;:&quot;yes&quot;,&quot;sticky_on&quot;:[&quot;desktop&quot;,&quot;tablet&quot;,&quot;mobile&quot;],&quot;sticky_offset&quot;:0,&quot;sticky_effects_offset&quot;:0,&quot;sticky_anchor_link_offset&quot;:0}\">\n\t\t\t\t\t<div class=\"e-con-inner\">\n\t\t<div class=\"elementor-element elementor-element-25ac9a8 e-con-full desktopPhoto e-flex e-con e-child\" data-id=\"25ac9a8\" data-element_type=\"container\" data-e-type=\"container\" data-settings=\"{&quot;sticky&quot;:&quot;top&quot;,&quot;sticky_parent&quot;:&quot;yes&quot;,&quot;sticky_on&quot;:[&quot;desktop&quot;,&quot;tablet&quot;,&quot;mobile&quot;],&quot;sticky_offset&quot;:0,&quot;sticky_effects_offset&quot;:0,&quot;sticky_anchor_link_offset&quot;:0}\">\n\t\t<div class=\"elementor-element elementor-element-369f9e7 e-con-full desktopPhoto e-flex e-con e-child\" data-id=\"369f9e7\" data-element_type=\"container\" data-e-type=\"container\" data-settings=\"{&quot;background_background&quot;:&quot;classic&quot;,&quot;position&quot;:&quot;absolute&quot;}\">\n\t\t\t\t<\/div>\n\t\t<div class=\"elementor-element elementor-element-f59c414 e-con-full desktopPhoto e-flex e-con e-child\" data-id=\"f59c414\" data-element_type=\"container\" data-e-type=\"container\" data-settings=\"{&quot;background_background&quot;:&quot;classic&quot;,&quot;position&quot;:&quot;absolute&quot;}\">\n\t\t\t\t<\/div>\n\t\t<div class=\"elementor-element elementor-element-4b9fd4a e-con-full desktopPhoto e-flex e-con e-child\" data-id=\"4b9fd4a\" data-element_type=\"container\" data-e-type=\"container\" data-settings=\"{&quot;background_background&quot;:&quot;classic&quot;,&quot;position&quot;:&quot;absolute&quot;}\">\n\t\t\t\t<\/div>\n\t\t\t\t<\/div>\n\t\t\t\t\t<\/div>\n\t\t\t\t<\/div>\n\t\t\t\t<\/div>\n\t\t\t\t\t<\/div>\n\t\t\t\t<\/div>\n\t\t\t\t<\/div>\n\t\t<div class=\"elementor-element elementor-element-af0a7de e-flex e-con-boxed e-con e-parent\" data-id=\"af0a7de\" data-element_type=\"container\" data-e-type=\"container\">\n\t\t\t\t\t<div class=\"e-con-inner\">\n\t\t\t\t<div class=\"elementor-element elementor-element-558ab7b elementor-widget elementor-widget-html\" data-id=\"558ab7b\" data-element_type=\"widget\" data-e-type=\"widget\" data-widget_type=\"html.default\">\n\t\t\t\t<div class=\"elementor-widget-container\">\n\t\t\t\t\t<script src=\"https:\/\/cdnjs.cloudflare.com\/ajax\/libs\/gsap\/3.11.0\/gsap.min.js\"><\/script>\n<script src=\"https:\/\/cdnjs.cloudflare.com\/ajax\/libs\/gsap\/3.11.0\/ScrollTrigger.min.js\"><\/script>\n\n<script>\nlet mediaAnimation = gsap.matchMedia();\n\nScrollTrigger.defaults({\n  markers: false\n});\n\nconst colors = [\"#9E9E9E\", \"#C4B39A\", \"#856546\"]; \/\/ Color 1 actualizado\n\nmediaAnimation.add(\"(min-width: 666px)\", () => {\n  \/\/ Desktop animations\n  const details = gsap.utils.toArray(\".desktopContentSection\");\n  const photos = gsap.utils.toArray(\".desktopPhoto:not(:first-child)\");\n  const allPhotos = gsap.utils.toArray(\".desktopPhoto\");\n\n  \/\/ Aplicar color inicial a .gallery\n  gsap.set(\".gallery\", { backgroundColor: colors[0] });\n\n  gsap.set(photos, { clipPath: 'inset(100% 0% 0% 0%)', autoAlpha: 1 });\n\n  \/\/ Cambiar color de fondo al hacer scroll\n  details.forEach((section, i) => {\n    let bgColor = colors[i];\n\n    ScrollTrigger.create({\n      trigger: section,\n      start: \"top center\",\n      end: \"bottom center\",\n      onEnter: () => {\n        gsap.to(\".gallery\", { backgroundColor: bgColor });\n      },\n      onEnterBack: () => {\n        gsap.to(\".gallery\", { backgroundColor: bgColor });\n      }\n    });\n  });\n\n  \/\/ Animaci\u00f3n de las im\u00e1genes\n  details.slice(1).forEach((detail, index) => {\n    let headline = detail.querySelector(\".reveal\");\n    let animation = gsap.timeline()\n      .to(photos[index], { clipPath: 'inset(0% 0% 0% 0%)', autoAlpha: 1, duration: 1.5 })\n      .set(allPhotos[index + 1], { autoAlpha: 1, duration: 1.5 });\n\n    ScrollTrigger.create({\n      trigger: headline,\n      start: \"top 120%\",\n      end: \"top 60%\",\n      animation: animation,\n      scrub: true,\n      markers: false\n    });\n  });\n});\n\n\/\/ Animaciones m\u00f3viles\nmediaAnimation.add(\"(max-width: 665px)\", () => {\n  const details = gsap.utils.toArray(\".desktopContentSection\");\n\n  gsap.set(\".gallery\", { backgroundColor: colors[0] });\n\n  details.forEach((section, i) => {\n    let bgColor = colors[i];\n\n    ScrollTrigger.create({\n      trigger: section,\n      start: \"top center\",\n      end: \"bottom center\",\n      onEnter: () => {\n        gsap.to(\".gallery\", { backgroundColor: bgColor });\n      },\n      onEnterBack: () => {\n        gsap.to(\".gallery\", { backgroundColor: bgColor });\n      }\n    });\n  });\n});\n<\/script>\n\t\t\t\t<\/div>\n\t\t\t\t<\/div>\n\t\t\t\t\t<\/div>\n\t\t\t\t<\/div>\n\t\t\t\t<\/div>","protected":false},"excerpt":{"rendered":"<p>PVC Negro Elegancia atemporal y luminosidadEl acabado en PVC blanco es la opci\u00f3n m\u00e1s cl\u00e1sica y vers\u00e1til. Aporta una est\u00e9tica [&hellip;]<\/p>","protected":false},"author":1,"featured_media":0,"parent":0,"menu_order":0,"comment_status":"closed","ping_status":"closed","template":"","meta":{"site-sidebar-layout":"no-sidebar","site-content-layout":"","ast-site-content-layout":"full-width-container","site-content-style":"default","site-sidebar-style":"default","ast-global-header-display":"","ast-banner-title-visibility":"","ast-main-header-display":"","ast-hfb-above-header-display":"","ast-hfb-below-header-display":"","ast-hfb-mobile-header-display":"","site-post-title":"disabled","ast-breadcrumbs-content":"","ast-featured-img":"disabled","footer-sml-layout":"","ast-disable-related-posts":"","theme-transparent-header-meta":"","adv-header-id-meta":"","stick-header-meta":"","header-above-stick-meta":"","header-main-stick-meta":"","header-below-stick-meta":"","astra-migrate-meta-layouts":"default","ast-page-background-enabled":"default","ast-page-background-meta":{"desktop":{"background-color":"var(--ast-global-color-5)","background-image":"","background-repeat":"repeat","background-position":"center center","background-size":"auto","background-attachment":"scroll","background-type":"","background-media":"","overlay-type":"","overlay-color":"","overlay-opacity":"","overlay-gradient":""},"tablet":{"background-color":"","background-image":"","background-repeat":"repeat","background-position":"center center","background-size":"auto","background-attachment":"scroll","background-type":"","background-media":"","overlay-type":"","overlay-color":"","overlay-opacity":"","overlay-gradient":""},"mobile":{"background-color":"","background-image":"","background-repeat":"repeat","background-position":"center center","background-size":"auto","background-attachment":"scroll","background-type":"","background-media":"","overlay-type":"","overlay-color":"","overlay-opacity":"","overlay-gradient":""}},"ast-content-background-meta":{"desktop":{"background-color":"var(--ast-global-color-4)","background-image":"","background-repeat":"repeat","background-position":"center center","background-size":"auto","background-attachment":"scroll","background-type":"","background-media":"","overlay-type":"","overlay-color":"","overlay-opacity":"","overlay-gradient":""},"tablet":{"background-color":"var(--ast-global-color-4)","background-image":"","background-repeat":"repeat","background-position":"center center","background-size":"auto","background-attachment":"scroll","background-type":"","background-media":"","overlay-type":"","overlay-color":"","overlay-opacity":"","overlay-gradient":""},"mobile":{"background-color":"var(--ast-global-color-4)","background-image":"","background-repeat":"repeat","background-position":"center center","background-size":"auto","background-attachment":"scroll","background-type":"","background-media":"","overlay-type":"","overlay-color":"","overlay-opacity":"","overlay-gradient":""}},"footnotes":""},"class_list":["post-20","page","type-page","status-publish","hentry"],"_links":{"self":[{"href":"https:\/\/genevawindows.com\/en\/wp-json\/wp\/v2\/pages\/20","targetHints":{"allow":["GET"]}}],"collection":[{"href":"https:\/\/genevawindows.com\/en\/wp-json\/wp\/v2\/pages"}],"about":[{"href":"https:\/\/genevawindows.com\/en\/wp-json\/wp\/v2\/types\/page"}],"author":[{"embeddable":true,"href":"https:\/\/genevawindows.com\/en\/wp-json\/wp\/v2\/users\/1"}],"replies":[{"embeddable":true,"href":"https:\/\/genevawindows.com\/en\/wp-json\/wp\/v2\/comments?post=20"}],"version-history":[{"count":49,"href":"https:\/\/genevawindows.com\/en\/wp-json\/wp\/v2\/pages\/20\/revisions"}],"predecessor-version":[{"id":475,"href":"https:\/\/genevawindows.com\/en\/wp-json\/wp\/v2\/pages\/20\/revisions\/475"}],"wp:attachment":[{"href":"https:\/\/genevawindows.com\/en\/wp-json\/wp\/v2\/media?parent=20"}],"curies":[{"name":"wp","href":"https:\/\/api.w.org\/{rel}","templated":true}]}}